{"id":17668,"date":"2022-07-06T10:20:20","date_gmt":"2022-07-06T10:20:20","guid":{"rendered":"https:\/\/pepperlovers.mx\/?page_id=17668"},"modified":"2023-03-21T17:15:11","modified_gmt":"2023-03-21T17:15:11","slug":"quienes-somos","status":"publish","type":"page","link":"https:\/\/pepperlovers.mx\/en\/quienes-somos\/","title":{"rendered":"WHO WE ARE"},"content":{"rendered":"<div data-elementor-type=\"wp-page\" data-elementor-id=\"17668\" class=\"elementor elementor-17668\" data-elementor-post-type=\"page\">\n\t\t\t\t\t\t\t\t\t<section class=\"elementor-section elementor-top-section elementor-element elementor-element-0cdcaf6 elementor-section-full_width elementor-section-height-min-height elementor-section-height-default elementor-section-items-middle\" data-id=\"0cdcaf6\" data-element_type=\"section\" data-settings=\"{&quot;background_background&quot;:&quot;classic&quot;}\">\n\t\t\t\t\t\t<div class=\"elementor-container elementor-column-gap-default\">\n\t\t\t\t\t<div class=\"elementor-column elementor-col-100 elementor-top-column elementor-element elementor-element-46c6e1e\" data-id=\"46c6e1e\" data-element_type=\"column\">\n\t\t\t<div class=\"elementor-widget-wrap elementor-element-populated\">\n\t\t\t\t\t\t\t\t<div class=\"elementor-element elementor-element-3f38b6e elementor-widget elementor-widget-heading\" data-id=\"3f38b6e\" data-element_type=\"widget\" data-widget_type=\"heading.default\">\n\t\t\t\t<div class=\"elementor-widget-container\">\n\t\t\t<h1 class=\"elementor-heading-title elementor-size-default\">WHO WE ARE<\/h1>\t\t<\/div>\n\t\t\t\t<\/div>\n\t\t\t\t\t<\/div>\n\t\t<\/div>\n\t\t\t\t\t\t\t<\/div>\n\t\t<\/section>\n\t\t\t\t<section class=\"elementor-section elementor-top-section elementor-element elementor-element-686d20d elementor-section-content-middle elementor-section-stretched elementor-section-boxed elementor-section-height-default elementor-section-height-default\" data-id=\"686d20d\" data-element_type=\"section\" data-settings=\"{&quot;stretch_section&quot;:&quot;section-stretched&quot;,&quot;background_background&quot;:&quot;classic&quot;}\">\n\t\t\t\t\t\t<div class=\"elementor-container elementor-column-gap-default\">\n\t\t\t\t\t<div class=\"elementor-column elementor-col-50 elementor-top-column elementor-element elementor-element-7aaddb2\" data-id=\"7aaddb2\" data-element_type=\"column\">\n\t\t\t<div class=\"elementor-widget-wrap elementor-element-populated\">\n\t\t\t\t\t\t\t\t<section class=\"elementor-section elementor-inner-section elementor-element elementor-element-af0b09c elementor-section-boxed elementor-section-height-default elementor-section-height-default\" data-id=\"af0b09c\" data-element_type=\"section\">\n\t\t\t\t\t\t<div class=\"elementor-container elementor-column-gap-no\">\n\t\t\t\t\t<div class=\"elementor-column elementor-col-50 elementor-inner-column elementor-element elementor-element-c29f502\" data-id=\"c29f502\" data-element_type=\"column\">\n\t\t\t<div class=\"elementor-widget-wrap elementor-element-populated\">\n\t\t\t\t\t\t\t\t<div class=\"elementor-element elementor-element-2fb9a90 no-title elementor-widget elementor-widget-image\" data-id=\"2fb9a90\" data-element_type=\"widget\" data-widget_type=\"image.default\">\n\t\t\t\t<div class=\"elementor-widget-container\">\n\t\t\t\t\t\t\t\t\t\t\t\t\t\t\t<img loading=\"lazy\" decoding=\"async\" width=\"1200\" height=\"800\" src=\"https:\/\/pepperlovers.mx\/wp-content\/uploads\/2023\/03\/equipo-74.jpg\" class=\"attachment-full size-full wp-image-22377\" alt=\"\" srcset=\"https:\/\/pepperlovers.mx\/wp-content\/uploads\/2023\/03\/equipo-74.jpg 1200w, https:\/\/pepperlovers.mx\/wp-content\/uploads\/2023\/03\/equipo-74-768x512.jpg 768w, https:\/\/pepperlovers.mx\/wp-content\/uploads\/2023\/03\/equipo-74-370x247.jpg 370w, https:\/\/pepperlovers.mx\/wp-content\/uploads\/2023\/03\/equipo-74-840x560.jpg 840w, https:\/\/pepperlovers.mx\/wp-content\/uploads\/2023\/03\/equipo-74-410x273.jpg 410w\" sizes=\"auto, (max-width: 1200px) 100vw, 1200px\" \/>\t\t\t\t\t\t\t\t\t\t\t\t\t\t\t<\/div>\n\t\t\t\t<\/div>\n\t\t\t\t<div class=\"elementor-element elementor-element-f6a38ba elementor-widget elementor-widget-spacer\" data-id=\"f6a38ba\" data-element_type=\"widget\" data-widget_type=\"spacer.default\">\n\t\t\t\t<div class=\"elementor-widget-container\">\n\t\t\t\t\t<div class=\"elementor-spacer\">\n\t\t\t<div class=\"elementor-spacer-inner\"><\/div>\n\t\t<\/div>\n\t\t\t\t<\/div>\n\t\t\t\t<\/div>\n\t\t\t\t\t<\/div>\n\t\t<\/div>\n\t\t\t\t<div class=\"elementor-column elementor-col-50 elementor-inner-column elementor-element elementor-element-5167102\" data-id=\"5167102\" data-element_type=\"column\">\n\t\t\t<div class=\"elementor-widget-wrap elementor-element-populated\">\n\t\t\t\t\t\t\t\t<div class=\"elementor-element elementor-element-a33e316 no-title elementor-widget elementor-widget-image\" data-id=\"a33e316\" data-element_type=\"widget\" data-widget_type=\"image.default\">\n\t\t\t\t<div class=\"elementor-widget-container\">\n\t\t\t\t\t\t\t\t\t\t\t\t\t\t\t<img loading=\"lazy\" decoding=\"async\" width=\"1200\" height=\"800\" src=\"https:\/\/pepperlovers.mx\/wp-content\/uploads\/2023\/03\/invernadero-36.jpg\" class=\"attachment-full size-full wp-image-22413\" alt=\"\" srcset=\"https:\/\/pepperlovers.mx\/wp-content\/uploads\/2023\/03\/invernadero-36.jpg 1200w, https:\/\/pepperlovers.mx\/wp-content\/uploads\/2023\/03\/invernadero-36-768x512.jpg 768w, https:\/\/pepperlovers.mx\/wp-content\/uploads\/2023\/03\/invernadero-36-370x247.jpg 370w, https:\/\/pepperlovers.mx\/wp-content\/uploads\/2023\/03\/invernadero-36-840x560.jpg 840w, https:\/\/pepperlovers.mx\/wp-content\/uploads\/2023\/03\/invernadero-36-410x273.jpg 410w\" sizes=\"auto, (max-width: 1200px) 100vw, 1200px\" \/>\t\t\t\t\t\t\t\t\t\t\t\t\t\t\t<\/div>\n\t\t\t\t<\/div>\n\t\t\t\t\t<\/div>\n\t\t<\/div>\n\t\t\t\t\t\t\t<\/div>\n\t\t<\/section>\n\t\t\t\t\t<\/div>\n\t\t<\/div>\n\t\t\t\t<div class=\"elementor-column elementor-col-50 elementor-top-column elementor-element elementor-element-3ae80f5\" data-id=\"3ae80f5\" data-element_type=\"column\">\n\t\t\t<div class=\"elementor-widget-wrap elementor-element-populated\">\n\t\t\t\t\t\t\t\t<div class=\"elementor-element elementor-element-bc11974 elementor-widget elementor-widget-heading\" data-id=\"bc11974\" data-element_type=\"widget\" data-widget_type=\"heading.default\">\n\t\t\t\t<div class=\"elementor-widget-container\">\n\t\t\t<h1 class=\"elementor-heading-title elementor-size-default\">Organization<\/h1>\t\t<\/div>\n\t\t\t\t<\/div>\n\t\t\t\t<div class=\"elementor-element elementor-element-284c79c elementor-widget elementor-widget-spacer\" data-id=\"284c79c\" data-element_type=\"widget\" data-widget_type=\"spacer.default\">\n\t\t\t\t<div class=\"elementor-widget-container\">\n\t\t\t\t\t<div class=\"elementor-spacer\">\n\t\t\t<div class=\"elementor-spacer-inner\"><\/div>\n\t\t<\/div>\n\t\t\t\t<\/div>\n\t\t\t\t<\/div>\n\t\t\t\t<div class=\"elementor-element elementor-element-ff37402 elementor-widget elementor-widget-text-editor\" data-id=\"ff37402\" data-element_type=\"widget\" data-widget_type=\"text-editor.default\">\n\t\t\t\t<div class=\"elementor-widget-container\">\n\t\t\t\t\t\t\t<p>We are proud of being part of the agricultural heart of Mexico in Lagos de Moreno Jalisco \nWhere we combine century\u2019s of knowledge and tomorrows technology to grow our top grade peppers.<\/p><p>In Bell Pepper Lovers we understand that our biggest asset is our people.<\/p><p>That\u2019s why we reward our community\u2019s dedication with professional learning in the area they seek to work in.<\/p>\t\t\t\t\t\t<\/div>\n\t\t\t\t<\/div>\n\t\t\t\t\t<\/div>\n\t\t<\/div>\n\t\t\t\t\t\t\t<\/div>\n\t\t<\/section>\n\t\t\t\t<section class=\"elementor-section elementor-top-section elementor-element elementor-element-2f45de6 elementor-section-content-middle elementor-section-stretched elementor-section-boxed elementor-section-height-default elementor-section-height-default\" data-id=\"2f45de6\" data-element_type=\"section\" data-settings=\"{&quot;stretch_section&quot;:&quot;section-stretched&quot;,&quot;background_background&quot;:&quot;classic&quot;}\">\n\t\t\t\t\t\t<div class=\"elementor-container elementor-column-gap-default\">\n\t\t\t\t\t<div class=\"elementor-column elementor-col-50 elementor-top-column elementor-element elementor-element-c13e3f3\" data-id=\"c13e3f3\" data-element_type=\"column\">\n\t\t\t<div class=\"elementor-widget-wrap elementor-element-populated\">\n\t\t\t\t\t\t\t\t<div class=\"elementor-element elementor-element-997dd19 elementor-widget elementor-widget-text-editor\" data-id=\"997dd19\" data-element_type=\"widget\" data-widget_type=\"text-editor.default\">\n\t\t\t\t<div class=\"elementor-widget-container\">\n\t\t\t\t\t\t\t<p>Opening new career paths and opportunities to the people that have grown with us.<\/p><p>Today, we have an area of 30 acres of high technology greenhouses.\nWhere we are able to control the variables to ensure a steady production all season long.<\/p><p>The confidence in our team and a prepared infrastructure, opens the opportunity for expansion.<br \/>We plan to grow from our current area of production to over 230 acres.<\/p>\t\t\t\t\t\t<\/div>\n\t\t\t\t<\/div>\n\t\t\t\t\t<\/div>\n\t\t<\/div>\n\t\t\t\t<div class=\"elementor-column elementor-col-50 elementor-top-column elementor-element elementor-element-a04da15\" data-id=\"a04da15\" data-element_type=\"column\">\n\t\t\t<div class=\"elementor-widget-wrap elementor-element-populated\">\n\t\t\t\t\t\t\t\t<section class=\"elementor-section elementor-inner-section elementor-element elementor-element-efaf6cc elementor-section-boxed elementor-section-height-default elementor-section-height-default\" data-id=\"efaf6cc\" data-element_type=\"section\">\n\t\t\t\t\t\t<div class=\"elementor-container elementor-column-gap-no\">\n\t\t\t\t\t<div class=\"elementor-column elementor-col-50 elementor-inner-column elementor-element elementor-element-dff1a92\" data-id=\"dff1a92\" data-element_type=\"column\">\n\t\t\t<div class=\"elementor-widget-wrap elementor-element-populated\">\n\t\t\t\t\t\t\t\t<div class=\"elementor-element elementor-element-f18e018 no-title elementor-widget elementor-widget-image\" data-id=\"f18e018\" data-element_type=\"widget\" data-widget_type=\"image.default\">\n\t\t\t\t<div class=\"elementor-widget-container\">\n\t\t\t\t\t\t\t\t\t\t\t\t\t\t\t<img loading=\"lazy\" decoding=\"async\" width=\"1200\" height=\"800\" src=\"https:\/\/pepperlovers.mx\/wp-content\/uploads\/2023\/03\/rancho-bpl-90.jpg\" class=\"attachment-full size-full wp-image-22442\" alt=\"\" srcset=\"https:\/\/pepperlovers.mx\/wp-content\/uploads\/2023\/03\/rancho-bpl-90.jpg 1200w, https:\/\/pepperlovers.mx\/wp-content\/uploads\/2023\/03\/rancho-bpl-90-768x512.jpg 768w, https:\/\/pepperlovers.mx\/wp-content\/uploads\/2023\/03\/rancho-bpl-90-370x247.jpg 370w, https:\/\/pepperlovers.mx\/wp-content\/uploads\/2023\/03\/rancho-bpl-90-840x560.jpg 840w, https:\/\/pepperlovers.mx\/wp-content\/uploads\/2023\/03\/rancho-bpl-90-410x273.jpg 410w\" sizes=\"auto, (max-width: 1200px) 100vw, 1200px\" \/>\t\t\t\t\t\t\t\t\t\t\t\t\t\t\t<\/div>\n\t\t\t\t<\/div>\n\t\t\t\t<div class=\"elementor-element elementor-element-62eec89 elementor-widget elementor-widget-spacer\" data-id=\"62eec89\" data-element_type=\"widget\" data-widget_type=\"spacer.default\">\n\t\t\t\t<div class=\"elementor-widget-container\">\n\t\t\t\t\t<div class=\"elementor-spacer\">\n\t\t\t<div class=\"elementor-spacer-inner\"><\/div>\n\t\t<\/div>\n\t\t\t\t<\/div>\n\t\t\t\t<\/div>\n\t\t\t\t\t<\/div>\n\t\t<\/div>\n\t\t\t\t<div class=\"elementor-column elementor-col-50 elementor-inner-column elementor-element elementor-element-ad781e7\" data-id=\"ad781e7\" data-element_type=\"column\">\n\t\t\t<div class=\"elementor-widget-wrap elementor-element-populated\">\n\t\t\t\t\t\t\t\t<div class=\"elementor-element elementor-element-f3ddda7 no-title elementor-widget elementor-widget-image\" data-id=\"f3ddda7\" data-element_type=\"widget\" data-widget_type=\"image.default\">\n\t\t\t\t<div class=\"elementor-widget-container\">\n\t\t\t\t\t\t\t\t\t\t\t\t\t\t\t<img loading=\"lazy\" decoding=\"async\" width=\"1200\" height=\"800\" src=\"https:\/\/pepperlovers.mx\/wp-content\/uploads\/2023\/03\/rancho-bpl-85.jpg\" class=\"attachment-full size-full wp-image-22437\" alt=\"\" srcset=\"https:\/\/pepperlovers.mx\/wp-content\/uploads\/2023\/03\/rancho-bpl-85.jpg 1200w, https:\/\/pepperlovers.mx\/wp-content\/uploads\/2023\/03\/rancho-bpl-85-768x512.jpg 768w, https:\/\/pepperlovers.mx\/wp-content\/uploads\/2023\/03\/rancho-bpl-85-370x247.jpg 370w, https:\/\/pepperlovers.mx\/wp-content\/uploads\/2023\/03\/rancho-bpl-85-840x560.jpg 840w, https:\/\/pepperlovers.mx\/wp-content\/uploads\/2023\/03\/rancho-bpl-85-410x273.jpg 410w\" sizes=\"auto, (max-width: 1200px) 100vw, 1200px\" \/>\t\t\t\t\t\t\t\t\t\t\t\t\t\t\t<\/div>\n\t\t\t\t<\/div>\n\t\t\t\t\t<\/div>\n\t\t<\/div>\n\t\t\t\t\t\t\t<\/div>\n\t\t<\/section>\n\t\t\t\t\t<\/div>\n\t\t<\/div>\n\t\t\t\t\t\t\t<\/div>\n\t\t<\/section>\n\t\t\t\t<section class=\"elementor-section elementor-top-section elementor-element elementor-element-d8027f5 elementor-section-content-middle elementor-section-stretched elementor-section-boxed elementor-section-height-default elementor-section-height-default\" data-id=\"d8027f5\" data-element_type=\"section\" data-settings=\"{&quot;stretch_section&quot;:&quot;section-stretched&quot;,&quot;background_background&quot;:&quot;classic&quot;}\">\n\t\t\t\t\t\t<div class=\"elementor-container elementor-column-gap-default\">\n\t\t\t\t\t<div class=\"elementor-column elementor-col-50 elementor-top-column elementor-element elementor-element-89883f9\" data-id=\"89883f9\" data-element_type=\"column\">\n\t\t\t<div class=\"elementor-widget-wrap elementor-element-populated\">\n\t\t\t\t\t\t\t\t<section class=\"elementor-section elementor-inner-section elementor-element elementor-element-eb8d8b7 elementor-section-boxed elementor-section-height-default elementor-section-height-default\" data-id=\"eb8d8b7\" data-element_type=\"section\">\n\t\t\t\t\t\t<div class=\"elementor-container elementor-column-gap-no\">\n\t\t\t\t\t<div class=\"elementor-column elementor-col-50 elementor-inner-column elementor-element elementor-element-9e49d5f\" data-id=\"9e49d5f\" data-element_type=\"column\">\n\t\t\t<div class=\"elementor-widget-wrap elementor-element-populated\">\n\t\t\t\t\t\t\t\t<div class=\"elementor-element elementor-element-92663fc no-title elementor-widget elementor-widget-image\" data-id=\"92663fc\" data-element_type=\"widget\" data-widget_type=\"image.default\">\n\t\t\t\t<div class=\"elementor-widget-container\">\n\t\t\t\t\t\t\t\t\t\t\t\t\t\t\t<img loading=\"lazy\" decoding=\"async\" width=\"800\" height=\"1200\" src=\"https:\/\/pepperlovers.mx\/wp-content\/uploads\/2023\/03\/equipo-37.jpg\" class=\"attachment-full size-full wp-image-22340\" alt=\"\" srcset=\"https:\/\/pepperlovers.mx\/wp-content\/uploads\/2023\/03\/equipo-37.jpg 800w, https:\/\/pepperlovers.mx\/wp-content\/uploads\/2023\/03\/equipo-37-768x1152.jpg 768w, https:\/\/pepperlovers.mx\/wp-content\/uploads\/2023\/03\/equipo-37-370x555.jpg 370w, https:\/\/pepperlovers.mx\/wp-content\/uploads\/2023\/03\/equipo-37-410x615.jpg 410w\" sizes=\"auto, (max-width: 800px) 100vw, 800px\" \/>\t\t\t\t\t\t\t\t\t\t\t\t\t\t\t<\/div>\n\t\t\t\t<\/div>\n\t\t\t\t<div class=\"elementor-element elementor-element-b4cfa17 elementor-widget elementor-widget-spacer\" data-id=\"b4cfa17\" data-element_type=\"widget\" data-widget_type=\"spacer.default\">\n\t\t\t\t<div class=\"elementor-widget-container\">\n\t\t\t\t\t<div class=\"elementor-spacer\">\n\t\t\t<div class=\"elementor-spacer-inner\"><\/div>\n\t\t<\/div>\n\t\t\t\t<\/div>\n\t\t\t\t<\/div>\n\t\t\t\t\t<\/div>\n\t\t<\/div>\n\t\t\t\t<div class=\"elementor-column elementor-col-50 elementor-inner-column elementor-element elementor-element-45a99ec\" data-id=\"45a99ec\" data-element_type=\"column\">\n\t\t\t<div class=\"elementor-widget-wrap elementor-element-populated\">\n\t\t\t\t\t\t\t\t<div class=\"elementor-element elementor-element-1ce9efd no-title elementor-widget elementor-widget-image\" data-id=\"1ce9efd\" data-element_type=\"widget\" data-widget_type=\"image.default\">\n\t\t\t\t<div class=\"elementor-widget-container\">\n\t\t\t\t\t\t\t\t\t\t\t\t\t\t\t<img loading=\"lazy\" decoding=\"async\" width=\"1200\" height=\"800\" src=\"https:\/\/pepperlovers.mx\/wp-content\/uploads\/2023\/03\/rancho-bpl-76.jpg\" class=\"attachment-full size-full wp-image-22428\" alt=\"\" srcset=\"https:\/\/pepperlovers.mx\/wp-content\/uploads\/2023\/03\/rancho-bpl-76.jpg 1200w, https:\/\/pepperlovers.mx\/wp-content\/uploads\/2023\/03\/rancho-bpl-76-768x512.jpg 768w, https:\/\/pepperlovers.mx\/wp-content\/uploads\/2023\/03\/rancho-bpl-76-370x247.jpg 370w, https:\/\/pepperlovers.mx\/wp-content\/uploads\/2023\/03\/rancho-bpl-76-840x560.jpg 840w, https:\/\/pepperlovers.mx\/wp-content\/uploads\/2023\/03\/rancho-bpl-76-410x273.jpg 410w\" sizes=\"auto, (max-width: 1200px) 100vw, 1200px\" \/>\t\t\t\t\t\t\t\t\t\t\t\t\t\t\t<\/div>\n\t\t\t\t<\/div>\n\t\t\t\t\t<\/div>\n\t\t<\/div>\n\t\t\t\t\t\t\t<\/div>\n\t\t<\/section>\n\t\t\t\t\t<\/div>\n\t\t<\/div>\n\t\t\t\t<div class=\"elementor-column elementor-col-50 elementor-top-column elementor-element elementor-element-df7df50\" data-id=\"df7df50\" data-element_type=\"column\">\n\t\t\t<div class=\"elementor-widget-wrap elementor-element-populated\">\n\t\t\t\t\t\t\t\t<div class=\"elementor-element elementor-element-9037532 elementor-widget elementor-widget-text-editor\" data-id=\"9037532\" data-element_type=\"widget\" data-widget_type=\"text-editor.default\">\n\t\t\t\t<div class=\"elementor-widget-container\">\n\t\t\t\t\t\t\t<p>We know that in order to succeed, it requires hard work but is that hard work what keeps us with the drive to grow this land that we love.<\/p><p>We look to our future with the same commitment and  excitement that we had when we once started.<\/p><p>Because to look back is to remember how far you\u2019ve come.<br \/>And to be assure how far you are yet to walk.<\/p>\t\t\t\t\t\t<\/div>\n\t\t\t\t<\/div>\n\t\t\t\t<div class=\"elementor-element elementor-element-1886ffa elementor-widget elementor-widget-heading\" data-id=\"1886ffa\" data-element_type=\"widget\" data-widget_type=\"heading.default\">\n\t\t\t\t<div class=\"elementor-widget-container\">\n\t\t\t<h1 class=\"elementor-heading-title elementor-size-default\"><i>Bell Pepper Lovers <br><\/i>\n<small>Love that grows<\/small>\n<\/h1>\t\t<\/div>\n\t\t\t\t<\/div>\n\t\t\t\t\t<\/div>\n\t\t<\/div>\n\t\t\t\t\t\t\t<\/div>\n\t\t<\/section>\n\t\t\t\t\t\t\t<\/div>","protected":false},"excerpt":{"rendered":"<p>QUI\u00c9NES SOMOS Organizaci\u00f3n Estamos orgullosos de ser parte del coraz\u00f3n agr\u00edcola de M\u00e9xico en Lagos de Moreno Jalisco, donde combinamos el conocimiento de siglos y la tecnolog\u00eda del ma\u00f1ana para cultivar nuestros pimientos de primera calidad. En Bell Pepper Lovers entendemos que nuestro mayor activo es nuestra gente. Por eso premiamos la dedicaci\u00f3n de nuestra [&hellip;]<\/p>","protected":false},"author":1,"featured_media":0,"parent":0,"menu_order":0,"comment_status":"closed","ping_status":"closed","template":"elementor_header_footer","meta":{"footnotes":""},"class_list":["post-17668","page","type-page","status-publish","hentry"],"_links":{"self":[{"href":"https:\/\/pepperlovers.mx\/en\/wp-json\/wp\/v2\/pages\/17668","targetHints":{"allow":["GET"]}}],"collection":[{"href":"https:\/\/pepperlovers.mx\/en\/wp-json\/wp\/v2\/pages"}],"about":[{"href":"https:\/\/pepperlovers.mx\/en\/wp-json\/wp\/v2\/types\/page"}],"author":[{"embeddable":true,"href":"https:\/\/pepperlovers.mx\/en\/wp-json\/wp\/v2\/users\/1"}],"replies":[{"embeddable":true,"href":"https:\/\/pepperlovers.mx\/en\/wp-json\/wp\/v2\/comments?post=17668"}],"version-history":[{"count":55,"href":"https:\/\/pepperlovers.mx\/en\/wp-json\/wp\/v2\/pages\/17668\/revisions"}],"predecessor-version":[{"id":23037,"href":"https:\/\/pepperlovers.mx\/en\/wp-json\/wp\/v2\/pages\/17668\/revisions\/23037"}],"wp:attachment":[{"href":"https:\/\/pepperlovers.mx\/en\/wp-json\/wp\/v2\/media?parent=17668"}],"curies":[{"name":"wp","href":"https:\/\/api.w.org\/{rel}","templated":true}]}}