{"id":18013,"date":"2022-07-12T08:38:00","date_gmt":"2022-07-12T08:38:00","guid":{"rendered":"https:\/\/pepperlovers.mx\/?page_id=18013"},"modified":"2023-03-17T10:38:16","modified_gmt":"2023-03-17T10:38:16","slug":"pepperlovers","status":"publish","type":"page","link":"https:\/\/pepperlovers.mx\/es\/","title":{"rendered":"Pepper Lovers"},"content":{"rendered":"\t\t<div data-elementor-type=\"wp-page\" data-elementor-id=\"18013\" class=\"elementor elementor-18013\" data-elementor-post-type=\"page\">\n\t\t\t\t\t\t\t\t\t<section class=\"elementor-section elementor-top-section elementor-element elementor-element-89ac861 elementor-section-full_width elementor-section-stretched elementor-section-height-default elementor-section-height-default\" data-id=\"89ac861\" data-element_type=\"section\" data-settings=\"{&quot;stretch_section&quot;:&quot;section-stretched&quot;}\">\n\t\t\t\t\t\t<div class=\"elementor-container elementor-column-gap-no\">\n\t\t\t\t\t<div class=\"elementor-column elementor-col-100 elementor-top-column elementor-element elementor-element-186cb02\" data-id=\"186cb02\" data-element_type=\"column\">\n\t\t\t<div class=\"elementor-widget-wrap elementor-element-populated\">\n\t\t\t\t\t\t\t\t<div class=\"elementor-element elementor-element-353a137 elementor-widget elementor-widget-video\" data-id=\"353a137\" data-element_type=\"widget\" data-settings=\"{&quot;youtube_url&quot;:&quot;https:\\\/\\\/youtu.be\\\/vztkL7YBvd4&quot;,&quot;autoplay&quot;:&quot;yes&quot;,&quot;play_on_mobile&quot;:&quot;yes&quot;,&quot;loop&quot;:&quot;yes&quot;,&quot;yt_privacy&quot;:&quot;yes&quot;,&quot;video_type&quot;:&quot;youtube&quot;}\" data-widget_type=\"video.default\">\n\t\t\t\t<div class=\"elementor-widget-container\">\n\t\t\t\t\t<div class=\"elementor-wrapper elementor-open-inline\">\n\t\t\t<div class=\"elementor-video\"><\/div>\t\t<\/div>\n\t\t\t\t<\/div>\n\t\t\t\t<\/div>\n\t\t\t\t\t<\/div>\n\t\t<\/div>\n\t\t\t\t\t\t\t<\/div>\n\t\t<\/section>\n\t\t\t\t<section class=\"elementor-section elementor-top-section elementor-element elementor-element-cd4159a elementor-section-boxed elementor-section-height-default elementor-section-height-default\" data-id=\"cd4159a\" data-element_type=\"section\" data-settings=\"{&quot;background_background&quot;:&quot;classic&quot;}\">\n\t\t\t\t\t\t<div class=\"elementor-container elementor-column-gap-default\">\n\t\t\t\t\t<div class=\"elementor-column elementor-col-25 elementor-top-column elementor-element elementor-element-c0335a8\" data-id=\"c0335a8\" data-element_type=\"column\">\n\t\t\t<div class=\"elementor-widget-wrap\">\n\t\t\t\t\t\t\t\t\t<\/div>\n\t\t<\/div>\n\t\t\t\t<div class=\"elementor-column elementor-col-50 elementor-top-column elementor-element elementor-element-c0207d7\" data-id=\"c0207d7\" data-element_type=\"column\">\n\t\t\t<div class=\"elementor-widget-wrap elementor-element-populated\">\n\t\t\t\t\t\t\t\t<div class=\"elementor-element elementor-element-68c749f elementor-widget elementor-widget-image\" data-id=\"68c749f\" data-element_type=\"widget\" data-widget_type=\"image.default\">\n\t\t\t\t<div class=\"elementor-widget-container\">\n\t\t\t\t\t\t\t\t\t\t\t\t\t\t\t<img loading=\"lazy\" decoding=\"async\" width=\"50\" height=\"50\" src=\"https:\/\/pepperlovers.mx\/wp-content\/uploads\/2022\/09\/wheat.svg\" class=\"attachment-full size-full wp-image-22267\" alt=\"\" \/>\t\t\t\t\t\t\t\t\t\t\t\t\t\t\t<\/div>\n\t\t\t\t<\/div>\n\t\t\t\t<div class=\"elementor-element elementor-element-09fb25b elementor-widget elementor-widget-heading\" data-id=\"09fb25b\" data-element_type=\"widget\" data-widget_type=\"heading.default\">\n\t\t\t\t<div class=\"elementor-widget-container\">\n\t\t\t<h1 class=\"elementor-heading-title elementor-size-xl\">Nuestra profesi\u00f3n exige pasi\u00f3n Dedicaci\u00f3n Y un equipo de expertos Un equipo al que llamamos familia.\n<\/h1>\t\t<\/div>\n\t\t\t\t<\/div>\n\t\t\t\t\t<\/div>\n\t\t<\/div>\n\t\t\t\t<div class=\"elementor-column elementor-col-25 elementor-top-column elementor-element elementor-element-8672368\" data-id=\"8672368\" data-element_type=\"column\">\n\t\t\t<div class=\"elementor-widget-wrap\">\n\t\t\t\t\t\t\t\t\t<\/div>\n\t\t<\/div>\n\t\t\t\t\t\t\t<\/div>\n\t\t<\/section>\n\t\t\t\t<section class=\"elementor-section elementor-top-section elementor-element elementor-element-1bc5280 elementor-section-boxed elementor-section-height-default elementor-section-height-default\" data-id=\"1bc5280\" data-element_type=\"section\" data-settings=\"{&quot;background_background&quot;:&quot;classic&quot;}\">\n\t\t\t\t\t\t<div class=\"elementor-container elementor-column-gap-default\">\n\t\t\t\t\t<div class=\"elementor-column elementor-col-33 elementor-top-column elementor-element elementor-element-15a5cb8\" data-id=\"15a5cb8\" data-element_type=\"column\">\n\t\t\t<div class=\"elementor-widget-wrap elementor-element-populated\">\n\t\t\t\t\t\t\t\t<div class=\"elementor-element elementor-element-35e2683 elementor-position-top elementor-widget elementor-widget-image-box\" data-id=\"35e2683\" data-element_type=\"widget\" data-widget_type=\"image-box.default\">\n\t\t\t\t<div class=\"elementor-widget-container\">\n\t\t\t<div class=\"elementor-image-box-wrapper\"><figure class=\"elementor-image-box-img\"><img loading=\"lazy\" decoding=\"async\" width=\"1200\" height=\"800\" src=\"https:\/\/pepperlovers.mx\/wp-content\/uploads\/2023\/03\/equipo-69.jpg\" class=\"elementor-animation-grow attachment-full size-full wp-image-22372\" alt=\"\" srcset=\"https:\/\/pepperlovers.mx\/wp-content\/uploads\/2023\/03\/equipo-69.jpg 1200w, https:\/\/pepperlovers.mx\/wp-content\/uploads\/2023\/03\/equipo-69-768x512.jpg 768w, https:\/\/pepperlovers.mx\/wp-content\/uploads\/2023\/03\/equipo-69-370x247.jpg 370w, https:\/\/pepperlovers.mx\/wp-content\/uploads\/2023\/03\/equipo-69-840x560.jpg 840w, https:\/\/pepperlovers.mx\/wp-content\/uploads\/2023\/03\/equipo-69-410x273.jpg 410w\" sizes=\"auto, (max-width: 1200px) 100vw, 1200px\" \/><\/figure><div class=\"elementor-image-box-content\"><h2 class=\"elementor-image-box-title\">Visi\u00f3n<\/h2><p class=\"elementor-image-box-description\">Ser una empresa comprometida en la producci\u00f3n y comercializaci\u00f3n de pimiento distinguiendo la calidad, innovaci\u00f3n, inocuidad, responsabilidad social y ambiental para posicionar nuestro producto al extranjero y a nivel nacional.<\/p><\/div><\/div>\t\t<\/div>\n\t\t\t\t<\/div>\n\t\t\t\t\t<\/div>\n\t\t<\/div>\n\t\t\t\t<div class=\"elementor-column elementor-col-33 elementor-top-column elementor-element elementor-element-571024e\" data-id=\"571024e\" data-element_type=\"column\">\n\t\t\t<div class=\"elementor-widget-wrap elementor-element-populated\">\n\t\t\t\t\t\t\t\t<div class=\"elementor-element elementor-element-89c4f2b elementor-position-top elementor-widget elementor-widget-image-box\" data-id=\"89c4f2b\" data-element_type=\"widget\" data-widget_type=\"image-box.default\">\n\t\t\t\t<div class=\"elementor-widget-container\">\n\t\t\t<div class=\"elementor-image-box-wrapper\"><figure class=\"elementor-image-box-img\"><img loading=\"lazy\" decoding=\"async\" width=\"1200\" height=\"800\" src=\"https:\/\/pepperlovers.mx\/wp-content\/uploads\/2023\/03\/invernadero-38.jpg\" class=\"elementor-animation-grow attachment-full size-full wp-image-22415\" alt=\"\" srcset=\"https:\/\/pepperlovers.mx\/wp-content\/uploads\/2023\/03\/invernadero-38.jpg 1200w, https:\/\/pepperlovers.mx\/wp-content\/uploads\/2023\/03\/invernadero-38-768x512.jpg 768w, https:\/\/pepperlovers.mx\/wp-content\/uploads\/2023\/03\/invernadero-38-370x247.jpg 370w, https:\/\/pepperlovers.mx\/wp-content\/uploads\/2023\/03\/invernadero-38-840x560.jpg 840w, https:\/\/pepperlovers.mx\/wp-content\/uploads\/2023\/03\/invernadero-38-410x273.jpg 410w\" sizes=\"auto, (max-width: 1200px) 100vw, 1200px\" \/><\/figure><div class=\"elementor-image-box-content\"><h2 class=\"elementor-image-box-title\">Misi\u00f3n<\/h2><p class=\"elementor-image-box-description\">Ser una empresa dedica en producir, comercializar, empacar vegetal de pimiento en fresco de la m\u00e1s alta calidad, cumpliendo con los m\u00e1s altos est\u00e1ndares de inocuidad en alimentos y sobre salir en las expectativas del mercado nacional e internacional teniendo presencia en el mercado, estar comprometidos con el medio ambiente.\n<\/p><\/div><\/div>\t\t<\/div>\n\t\t\t\t<\/div>\n\t\t\t\t\t<\/div>\n\t\t<\/div>\n\t\t\t\t<div class=\"elementor-column elementor-col-33 elementor-top-column elementor-element elementor-element-982f6e7\" data-id=\"982f6e7\" data-element_type=\"column\">\n\t\t\t<div class=\"elementor-widget-wrap elementor-element-populated\">\n\t\t\t\t\t\t\t\t<div class=\"elementor-element elementor-element-d04ae70 elementor-position-top elementor-widget elementor-widget-image-box\" data-id=\"d04ae70\" data-element_type=\"widget\" data-widget_type=\"image-box.default\">\n\t\t\t\t<div class=\"elementor-widget-container\">\n\t\t\t<div class=\"elementor-image-box-wrapper\"><figure class=\"elementor-image-box-img\"><img loading=\"lazy\" decoding=\"async\" width=\"1200\" height=\"800\" src=\"https:\/\/pepperlovers.mx\/wp-content\/uploads\/2023\/03\/equipo-64.jpg\" class=\"elementor-animation-grow attachment-full size-full wp-image-22367\" alt=\"\" srcset=\"https:\/\/pepperlovers.mx\/wp-content\/uploads\/2023\/03\/equipo-64.jpg 1200w, https:\/\/pepperlovers.mx\/wp-content\/uploads\/2023\/03\/equipo-64-768x512.jpg 768w, https:\/\/pepperlovers.mx\/wp-content\/uploads\/2023\/03\/equipo-64-370x247.jpg 370w, https:\/\/pepperlovers.mx\/wp-content\/uploads\/2023\/03\/equipo-64-840x560.jpg 840w, https:\/\/pepperlovers.mx\/wp-content\/uploads\/2023\/03\/equipo-64-410x273.jpg 410w\" sizes=\"auto, (max-width: 1200px) 100vw, 1200px\" \/><\/figure><div class=\"elementor-image-box-content\"><h2 class=\"elementor-image-box-title\">Valores<\/h2><p class=\"elementor-image-box-description\">\u2022 Responsabilidad<br>\n\u2022 Comunicaci\u00f3n<br>\n\u2022 Solidaridad<br>\n\u2022 Progreso<br>\n\u2022 Respeto<br><\/p><\/div><\/div>\t\t<\/div>\n\t\t\t\t<\/div>\n\t\t\t\t\t<\/div>\n\t\t<\/div>\n\t\t\t\t\t\t\t<\/div>\n\t\t<\/section>\n\t\t\t\t<section class=\"elementor-section elementor-top-section elementor-element elementor-element-bc45564 elementor-section-boxed elementor-section-height-default elementor-section-height-default\" data-id=\"bc45564\" data-element_type=\"section\">\n\t\t\t\t\t\t<div class=\"elementor-container elementor-column-gap-no\">\n\t\t\t\t\t<div class=\"elementor-column elementor-col-66 elementor-top-column elementor-element elementor-element-79847aab\" data-id=\"79847aab\" data-element_type=\"column\" data-settings=\"{&quot;background_background&quot;:&quot;classic&quot;}\">\n\t\t\t<div class=\"elementor-widget-wrap elementor-element-populated\">\n\t\t\t\t\t\t\t\t<div class=\"elementor-element elementor-element-d1b6408 elementor-widget elementor-widget-image\" data-id=\"d1b6408\" data-element_type=\"widget\" data-widget_type=\"image.default\">\n\t\t\t\t<div class=\"elementor-widget-container\">\n\t\t\t\t\t\t\t\t\t\t\t\t\t\t\t<img loading=\"lazy\" decoding=\"async\" width=\"500\" height=\"333\" src=\"https:\/\/pepperlovers.mx\/wp-content\/uploads\/2023\/03\/rancho-san-bernardo.jpg\" class=\"attachment-full size-full wp-image-22594\" alt=\"\" srcset=\"https:\/\/pepperlovers.mx\/wp-content\/uploads\/2023\/03\/rancho-san-bernardo.jpg 500w, https:\/\/pepperlovers.mx\/wp-content\/uploads\/2023\/03\/rancho-san-bernardo-370x246.jpg 370w, https:\/\/pepperlovers.mx\/wp-content\/uploads\/2023\/03\/rancho-san-bernardo-410x273.jpg 410w\" sizes=\"auto, (max-width: 500px) 100vw, 500px\" \/>\t\t\t\t\t\t\t\t\t\t\t\t\t\t\t<\/div>\n\t\t\t\t<\/div>\n\t\t\t\t\t<\/div>\n\t\t<\/div>\n\t\t\t\t<div class=\"elementor-column elementor-col-33 elementor-top-column elementor-element elementor-element-3b384dca\" data-id=\"3b384dca\" data-element_type=\"column\">\n\t\t\t<div class=\"elementor-widget-wrap elementor-element-populated\">\n\t\t\t\t\t\t\t\t<div class=\"elementor-element elementor-element-7e509c6 elementor-widget elementor-widget-heading\" data-id=\"7e509c6\" data-element_type=\"widget\" data-widget_type=\"heading.default\">\n\t\t\t\t<div class=\"elementor-widget-container\">\n\t\t\t<h1 class=\"elementor-heading-title elementor-size-xl\">HISTORIA<\/h1>\t\t<\/div>\n\t\t\t\t<\/div>\n\t\t\t\t<div class=\"elementor-element elementor-element-7fdae8ac elementor-widget elementor-widget-text-editor\" data-id=\"7fdae8ac\" data-element_type=\"widget\" data-widget_type=\"text-editor.default\">\n\t\t\t\t<div class=\"elementor-widget-container\">\n\t\t\t\t\t\t\t<p class=\"p1\">Bell Pepper Lovers est\u00e1 situada en las inmediaciones del Poblado de San Bernardo en el municipio de Lagos de Moreno, Jalisco, cuenta con 5 a\u00f1os en el ramo de la producci\u00f3n, empaque, distribuci\u00f3n y exportaci\u00f3n de pimiento Morr\u00f3n, comenzado en sus inicios como una peque\u00f1a empresa que gracias a la calidad y compromiso con sus clientes ha podido escalonar hasta posicionarse como uno de los mejores en el sector agr\u00edcola.<\/p>\t\t\t\t\t\t<\/div>\n\t\t\t\t<\/div>\n\t\t\t\t<div class=\"elementor-element elementor-element-58f45a32 elementor-widget elementor-widget-spacer\" data-id=\"58f45a32\" data-element_type=\"widget\" data-widget_type=\"spacer.default\">\n\t\t\t\t<div class=\"elementor-widget-container\">\n\t\t\t\t\t<div class=\"elementor-spacer\">\n\t\t\t<div class=\"elementor-spacer-inner\"><\/div>\n\t\t<\/div>\n\t\t\t\t<\/div>\n\t\t\t\t<\/div>\n\t\t\t\t\t<\/div>\n\t\t<\/div>\n\t\t\t\t\t\t\t<\/div>\n\t\t<\/section>\n\t\t\t\t\t\t\t<\/div>\n\t\t","protected":false},"excerpt":{"rendered":"<p>Nuestra profesi\u00f3n exige pasi\u00f3n Dedicaci\u00f3n Y un equipo de expertos Un equipo al que llamamos familia. Visi\u00f3n Ser una empresa comprometida en la producci\u00f3n y comercializaci\u00f3n de pimiento distinguiendo la calidad, innovaci\u00f3n, inocuidad, responsabilidad social y ambiental para posicionar nuestro producto al extranjero y a nivel nacional. Misi\u00f3n Ser una empresa dedica en producir, comercializar, [&hellip;]<\/p>\n","protected":false},"author":1,"featured_media":22268,"parent":0,"menu_order":0,"comment_status":"closed","ping_status":"closed","template":"elementor_header_footer","meta":{"footnotes":""},"class_list":["post-18013","page","type-page","status-publish","has-post-thumbnail","hentry"],"_links":{"self":[{"href":"https:\/\/pepperlovers.mx\/es\/wp-json\/wp\/v2\/pages\/18013","targetHints":{"allow":["GET"]}}],"collection":[{"href":"https:\/\/pepperlovers.mx\/es\/wp-json\/wp\/v2\/pages"}],"about":[{"href":"https:\/\/pepperlovers.mx\/es\/wp-json\/wp\/v2\/types\/page"}],"author":[{"embeddable":true,"href":"https:\/\/pepperlovers.mx\/es\/wp-json\/wp\/v2\/users\/1"}],"replies":[{"embeddable":true,"href":"https:\/\/pepperlovers.mx\/es\/wp-json\/wp\/v2\/comments?post=18013"}],"version-history":[{"count":178,"href":"https:\/\/pepperlovers.mx\/es\/wp-json\/wp\/v2\/pages\/18013\/revisions"}],"predecessor-version":[{"id":22979,"href":"https:\/\/pepperlovers.mx\/es\/wp-json\/wp\/v2\/pages\/18013\/revisions\/22979"}],"wp:featuredmedia":[{"embeddable":true,"href":"https:\/\/pepperlovers.mx\/es\/wp-json\/wp\/v2\/media\/22268"}],"wp:attachment":[{"href":"https:\/\/pepperlovers.mx\/es\/wp-json\/wp\/v2\/media?parent=18013"}],"curies":[{"name":"wp","href":"https:\/\/api.w.org\/{rel}","templated":true}]}}